{"id":89,"date":"2015-02-04T18:23:47","date_gmt":"2015-02-04T18:23:47","guid":{"rendered":"http:\/\/itsprendimaijums.lt\/?page_id=89"},"modified":"2017-02-07T20:57:16","modified_gmt":"2017-02-07T20:57:16","slug":"nuotoline-pagalba","status":"publish","type":"page","link":"https:\/\/itsprendimaijums.lt\/?page_id=89","title":{"rendered":"Nuotolin\u0117 pagalba"},"content":{"rendered":"<div class=\"col1\">\n<div id=\"main-content\">\n<div id=\"post-75\" class=\"post-75 page type-page status-publish hentry\">\n<h3 style=\"text-align: justify;\">Teamviewer nuotolin\u0117 pagalba internetu<\/h3>\n<div class=\"post-content clearfix\">\n<p style=\"text-align: justify;\">Reikia konsultacijos? Atsirado problem\u0173 su J\u016bs\u0173 kompiuteriu, bet negalite jo pristatyti? Ne b\u0117da, mes pasireng\u0119 Jums pad\u0117ti nuotoliniu b\u016bd\u0173. Mes naudojame vien\u0105 populiariausi\u0173 ir saugiausi\u0173 nuotolinio prisijungimo program\u0105 \u201cTeam Viewer\u201d. Tam, kad gal\u0117tume u\u017emegzti saug\u0173 ry\u0161\u012f, Jums reikia spausti ant \u017eemiau esan\u010dios nuorodos ir atsisi\u0173sti kliento program\u0105.<\/p>\n<p style=\"text-align: justify;\"><div id=\"accordions-339\" class=\"accordions-339 accordions\" data-accordions={&quot;lazyLoad&quot;:true,&quot;id&quot;:&quot;339&quot;,&quot;event&quot;:&quot;click&quot;,&quot;collapsible&quot;:&quot;true&quot;,&quot;heightStyle&quot;:&quot;content&quot;,&quot;animateStyle&quot;:&quot;swing&quot;,&quot;animateDelay&quot;:1000,&quot;navigation&quot;:true,&quot;active&quot;:999,&quot;expandedOther&quot;:&quot;no&quot;}>\r\n                <div id=\"accordions-lazy-339\" class=\"accordions-lazy\" accordionsId=\"339\">\r\n                    <\/div>\r\n\r\n    <div class=\"items\"  style=\"display:none\" >\r\n    \r\n            <div post_id=\"339\" itemcount=\"0\"  header_id=\"header-0\" id=\"header-0\" style=\"\" class=\"accordions-head head0 border-none\" toggle-text=\"\" main-text=\"TeamViewer instaliacija\">\r\n                                    <span id=\"accordion-icons-0\" class=\"accordion-icons\">\r\n                        <span class=\"accordion-icon-active accordion-plus\"><i class=\"fa fa-chevron-up\"><\/i><\/span>\r\n                        <span class=\"accordion-icon-inactive accordion-minus\"><i class=\"fa fa-chevron-down\"><\/i><\/span>\r\n                    <\/span>\r\n                    <span id=\"header-text-0\" class=\"accordions-head-title\">TeamViewer instaliacija<\/span>\r\n                            <\/div>\r\n            <div class=\"accordion-content content0 \">\r\n                <p>PASLAUGA YRA MOKAMA<br \/>\n<img decoding=\"async\" src=\"http:\/\/itsprendimaijums.lt\/wp-content\/uploads\/2015\/02\/teamviewer.png\" alt=\"teamviewer\" \/><a href=\"http:\/\/itsprendimaijums.lt\/wp-content\/uploads\/TeamViewer9QS_lt.exe\" target=\"_blank\" rel=\"noopener\">ATSISI\u0172STI<\/a><br \/>\n1. Paspaud\u0119 pamatysite toki\u0105 lentel\u0119<br \/>\n<a href=\"http:\/\/itsprendimaijums.lt\/wp-content\/uploads\/2015\/02\/team1.png\"><img loading=\"lazy\" decoding=\"async\" width=\"300\" height=\"130\" class=\"alignnone size-medium wp-image-111\" src=\"http:\/\/itsprendimaijums.lt\/wp-content\/uploads\/2015\/02\/team1-300x130.png\" srcset=\"http:\/\/itsprendimaijums.lt\/wp-content\/uploads\/2015\/02\/team1-300x130.png 300w, http:\/\/itsprendimaijums.lt\/wp-content\/uploads\/2015\/02\/team1.png 438w\" alt=\"team1\" \/><\/a><br \/>\nSpauskite arba , priklausomai nuo J\u016bs\u0173 operacin\u0117s sistemos kalbos.<\/p>\n<p>2. Parsisiunt\u0119 \u0161ia program\u0117l\u0119, paleiskite j\u0105.<br \/>\n<a href=\"http:\/\/itsprendimaijums.lt\/wp-content\/uploads\/2015\/02\/team2.png\"><img loading=\"lazy\" decoding=\"async\" width=\"300\" height=\"226\" class=\"alignnone size-medium wp-image-112\" src=\"http:\/\/itsprendimaijums.lt\/wp-content\/uploads\/2015\/02\/team2-300x226.png\" srcset=\"http:\/\/itsprendimaijums.lt\/wp-content\/uploads\/2015\/02\/team2-300x226.png 300w, http:\/\/itsprendimaijums.lt\/wp-content\/uploads\/2015\/02\/team2.png 402w\" alt=\"team2\" \/><\/a><br \/>\n\u0160i lentel\u0117 gali pasirodyti, jei naudojate Windows Vista\/7\/8 operacin\u0119 sistem\u0105. Patvirtinkite saugumo i\u0161imt\u012f, spausdami . Jei tokios lentel\u0117s nepamat\u0117te, nieko baisaus. Eikite prie sekan\u010dio \u017eingsnio.<\/p>\n<p>3. Paleid\u0119 program\u0117l\u0119, pamatysite savo vartotojo ID ir slapta\u017eod\u012f, j\u012f reiks padiktuoti meistrui telefonu, kad gal\u0117t\u0173 prisijungti.<br \/>\n<a href=\"http:\/\/itsprendimaijums.lt\/wp-content\/uploads\/2015\/02\/team4.png\"><img loading=\"lazy\" decoding=\"async\" width=\"222\" height=\"300\" class=\"alignnone size-medium wp-image-114\" src=\"http:\/\/itsprendimaijums.lt\/wp-content\/uploads\/2015\/02\/team4-222x300.png\" srcset=\"http:\/\/itsprendimaijums.lt\/wp-content\/uploads\/2015\/02\/team4-222x300.png 222w, http:\/\/itsprendimaijums.lt\/wp-content\/uploads\/2015\/02\/team4.png 269w\" alt=\"team4\" \/><\/a><br \/>\nAtsisiunt\u0119 program\u0117l\u0119, paleiskite j\u0105 ir susisiekite su manimi. Tam, kad gal\u0117tume prisijungti nuotoliniu b\u016bdu ir u\u017etikrintume saug\u0173 ry\u0161\u012f, J\u016bs tur\u0117site padiktuoti Vartotojo ID bei slapta\u017eod\u012f, kur\u012f matysite tik J\u016bs.<\/p>\n            <\/div>\r\n    <\/div>\r\n\r\n\r\n\r\n            <\/div><\/p>\n","protected":false},"excerpt":{"rendered":"<p>Teamviewer nuotolin\u0117 pagalba internetu Reikia konsultacijos? Atsirado problem\u0173 su J\u016bs\u0173 kompiuteriu, bet negalite jo pristatyti? Ne b\u0117da, mes pasireng\u0119 Jums pad\u0117ti nuotoliniu b\u016bd\u0173. Mes naudojame vien\u0105 populiariausi\u0173 ir saugiausi\u0173 nuotolinio prisijungimo program\u0105 \u201cTeam Viewer\u201d. Tam, kad gal\u0117tume u\u017emegzti saug\u0173 ry\u0161\u012f, Jums reikia spausti ant \u017eemiau esan\u010dios nuorodos ir atsisi\u0173sti kliento program\u0105.<\/p>\n","protected":false},"author":1,"featured_media":0,"parent":0,"menu_order":0,"comment_status":"closed","ping_status":"closed","template":"template-widgetized.php","meta":{"footnotes":""},"class_list":["post-89","page","type-page","status-publish","hentry"],"_links":{"self":[{"href":"https:\/\/itsprendimaijums.lt\/index.php?rest_route=\/wp\/v2\/pages\/89","targetHints":{"allow":["GET"]}}],"collection":[{"href":"https:\/\/itsprendimaijums.lt\/index.php?rest_route=\/wp\/v2\/pages"}],"about":[{"href":"https:\/\/itsprendimaijums.lt\/index.php?rest_route=\/wp\/v2\/types\/page"}],"author":[{"embeddable":true,"href":"https:\/\/itsprendimaijums.lt\/index.php?rest_route=\/wp\/v2\/users\/1"}],"replies":[{"embeddable":true,"href":"https:\/\/itsprendimaijums.lt\/index.php?rest_route=%2Fwp%2Fv2%2Fcomments&post=89"}],"version-history":[{"count":23,"href":"https:\/\/itsprendimaijums.lt\/index.php?rest_route=\/wp\/v2\/pages\/89\/revisions"}],"predecessor-version":[{"id":345,"href":"https:\/\/itsprendimaijums.lt\/index.php?rest_route=\/wp\/v2\/pages\/89\/revisions\/345"}],"wp:attachment":[{"href":"https:\/\/itsprendimaijums.lt\/index.php?rest_route=%2Fwp%2Fv2%2Fmedia&parent=89"}],"curies":[{"name":"wp","href":"https:\/\/api.w.org\/{rel}","templated":true}]}}