{"id":203,"date":"2016-12-28T10:13:04","date_gmt":"2016-12-28T10:13:04","guid":{"rendered":"http:\/\/itsprendimaijums.lt\/?page_id=203"},"modified":"2025-02-14T17:52:28","modified_gmt":"2025-02-14T17:52:28","slug":"serveriu-administravimas","status":"publish","type":"page","link":"https:\/\/itsprendimaijums.lt\/?page_id=203","title":{"rendered":"I\u0161manieji namai"},"content":{"rendered":"\n<p><strong>Sveiki atvyk\u0119 \u012f ITSPRENDIMAIJUMS, kur j\u016bs\u0173 namai tampa protingesni ir patogesni! Mes specializuojam\u0117s i\u0161mani\u0173j\u0173 nam\u0173 sprendimuose, naudodami pa\u017eangias Home Assistant, KNX, Zigbee ir Wi-Fi technologijas, kad j\u016bs\u0173 nam\u0173 valdymas b\u016bt\u0173 lengvesnis nei bet kada.<\/strong><\/p>\n\n\n\n<p><strong>Kod\u0117l rinktis mus?<\/strong><\/p>\n\n\n\n<ul class=\"wp-block-list\">\n<li><strong>Lengvas Valdymas:<\/strong> Su Home Assistant integracija galite valdyti visus savo \u012frenginius i\u0161 vienos vietos \u2013 telefon\u0105, plan\u0161et\u0119 ar kompiuter\u012f.<\/li>\n\n\n\n<li><strong>Saugumas ir Patikimumas:<\/strong> Zigbee ir KNX technologijos u\u017etikrina patikim\u0105 ir saug\u0173 duomen\u0173 perdavim\u0105 tarp j\u016bs\u0173 i\u0161mani\u0173j\u0173 prietais\u0173.<\/li>\n\n\n\n<li><strong>Personalizuoti Sprendimai:<\/strong> Kiekvienas namas yra unikalus, tod\u0117l mes si\u016blome individualiai pritaikytus sprendimus, atitinkan\u010dius j\u016bs\u0173 specifinius poreikius.<\/li>\n\n\n\n<li><strong>Energijos Efektyvumas:<\/strong> Optimizuokite savo nam\u0173 energijos vartojim\u0105, kad sutaupytum\u0117te ir apsaugotum\u0117te aplink\u0105.<\/li>\n\n\n\n<li><strong>Profesionalus Montavimas ir Parama:<\/strong> M\u016bs\u0173 ekspertai pasir\u016bpins, kad j\u016bs\u0173 i\u0161manieji namai veikt\u0173 be priekai\u0161t\u0173.<\/li>\n\n\n\n<li><strong>S\u0117kmingi Projektai:<\/strong> Esame s\u0117kmingai \u012fgyvendin\u0119 keliolika projekt\u0173, \u012fdiegdami automatikos ir saugos sistemas \u012fvairiuose namuose.<\/li>\n\n\n\n<li><strong>Lankstumas ir Modernumas:<\/strong> M\u016bs\u0173 stipryb\u0117 yra lanksti ir moderni sistema, kuri leid\u017eia integruoti \u012fvairi\u0173 gamintoj\u0173 \u012frenginius \u012f j\u016bs\u0173 i\u0161maniuosius namus.<\/li>\n<\/ul>\n\n\n\n<p>Susisiekite su mumis jau \u0161iandien ir paverskite savo namus i\u0161maniais!<\/p>\n\n\n\n<div class=\"wpcf7 no-js\" id=\"wpcf7-f427-o1\" lang=\"en-US\" dir=\"ltr\" data-wpcf7-id=\"427\">\n<div class=\"screen-reader-response\"><p role=\"status\" aria-live=\"polite\" aria-atomic=\"true\"><\/p> <ul><\/ul><\/div>\n<form action=\"\/index.php?rest_route=%2Fwp%2Fv2%2Fpages%2F203#wpcf7-f427-o1\" method=\"post\" class=\"wpcf7-form init\" aria-label=\"Contact form\" novalidate=\"novalidate\" data-status=\"init\">\n<div style=\"display: none;\">\n<input type=\"hidden\" name=\"_wpcf7\" value=\"427\" \/>\n<input type=\"hidden\" name=\"_wpcf7_version\" value=\"6.0.3\" \/>\n<input type=\"hidden\" name=\"_wpcf7_locale\" value=\"en_US\" \/>\n<input type=\"hidden\" name=\"_wpcf7_unit_tag\" value=\"wpcf7-f427-o1\" \/>\n<input type=\"hidden\" name=\"_wpcf7_container_post\" value=\"0\" \/>\n<input type=\"hidden\" name=\"_wpcf7_posted_data_hash\" value=\"\" \/>\n<\/div>\n<p>M\u016bs\u0173 \u012fmon\u0117 teikia auk\u0161tos kokyb\u0117s IT paslaugas, \u012fskaitant i\u0161mani\u0173j\u0173 nam\u0173 sprendimus ir IT \u016bkio prie\u017ei\u016br\u0105. Nor\u0117dami su\u017einoti daugiau apie m\u016bs\u0173 paslaugas ar u\u017esakyti konsultacij\u0105, pra\u0161ome u\u017epildyti \u017eemiau pateikt\u0105 kontaktin\u0119 form\u0105. Mes su jumis susisieksime kuo grei\u010diau.\n<\/p>\n<p><label> J\u016bs\u0173 vardas<br \/>\n<span class=\"wpcf7-form-control-wrap\" data-name=\"your-name\"><input size=\"40\" maxlength=\"400\" class=\"wpcf7-form-control wpcf7-text wpcf7-validates-as-required\" autocomplete=\"name\" aria-required=\"true\" aria-invalid=\"false\" value=\"\" type=\"text\" name=\"your-name\" \/><\/span> <\/label>\n<\/p>\n<p><label> j\u016bs\u0173 elektroninis pa\u0161to adresas<br \/>\n<span class=\"wpcf7-form-control-wrap\" data-name=\"your-email\"><input size=\"40\" maxlength=\"400\" class=\"wpcf7-form-control wpcf7-email wpcf7-validates-as-required wpcf7-text wpcf7-validates-as-email\" autocomplete=\"email\" aria-required=\"true\" aria-invalid=\"false\" value=\"\" type=\"email\" name=\"your-email\" \/><\/span> <\/label>\n<\/p>\n<p><label> Tema<br \/>\n<span class=\"wpcf7-form-control-wrap\" data-name=\"your-subject\"><input size=\"40\" maxlength=\"400\" class=\"wpcf7-form-control wpcf7-text wpcf7-validates-as-required\" aria-required=\"true\" aria-invalid=\"false\" value=\"\" type=\"text\" name=\"your-subject\" \/><\/span> <\/label>\n<\/p>\n<p><label> J\u016bs\u0173 \u017einut\u0117<br \/>\n<span class=\"wpcf7-form-control-wrap\" data-name=\"your-message\"><textarea cols=\"40\" rows=\"10\" maxlength=\"2000\" class=\"wpcf7-form-control wpcf7-textarea\" aria-invalid=\"false\" name=\"your-message\"><\/textarea><\/span> <\/label>\n<\/p>\n<p><input class=\"wpcf7-form-control wpcf7-submit has-spinner\" type=\"submit\" value=\"Pateikti\" \/>\n<\/p><p style=\"display: none !important;\" class=\"akismet-fields-container\" data-prefix=\"_wpcf7_ak_\"><label>&#916;<textarea name=\"_wpcf7_ak_hp_textarea\" cols=\"45\" rows=\"8\" maxlength=\"100\"><\/textarea><\/label><input type=\"hidden\" id=\"ak_js_1\" name=\"_wpcf7_ak_js\" value=\"207\"\/><script>document.getElementById( \"ak_js_1\" ).setAttribute( \"value\", ( new Date() ).getTime() );<\/script><\/p><div class=\"wpcf7-response-output\" aria-hidden=\"true\"><\/div>\n<\/form>\n<\/div>\n\n","protected":false},"excerpt":{"rendered":"<p>Sveiki atvyk\u0119 \u012f ITSPRENDIMAIJUMS, kur j\u016bs\u0173 namai tampa protingesni ir patogesni! Mes specializuojam\u0117s i\u0161mani\u0173j\u0173 nam\u0173 sprendimuose, naudodami pa\u017eangias Home Assistant, KNX, Zigbee ir Wi-Fi technologijas, kad j\u016bs\u0173 nam\u0173 valdymas b\u016bt\u0173 lengvesnis nei bet kada. Kod\u0117l rinktis mus? Susisiekite su mumis jau \u0161iandien ir paverskite savo namus i\u0161maniais!<\/p>\n","protected":false},"author":1,"featured_media":451,"parent":0,"menu_order":0,"comment_status":"closed","ping_status":"closed","template":"","meta":{"footnotes":""},"class_list":["post-203","page","type-page","status-publish","has-post-thumbnail","hentry"],"_links":{"self":[{"href":"https:\/\/itsprendimaijums.lt\/index.php?rest_route=\/wp\/v2\/pages\/203","targetHints":{"allow":["GET"]}}],"collection":[{"href":"https:\/\/itsprendimaijums.lt\/index.php?rest_route=\/wp\/v2\/pages"}],"about":[{"href":"https:\/\/itsprendimaijums.lt\/index.php?rest_route=\/wp\/v2\/types\/page"}],"author":[{"embeddable":true,"href":"https:\/\/itsprendimaijums.lt\/index.php?rest_route=\/wp\/v2\/users\/1"}],"replies":[{"embeddable":true,"href":"https:\/\/itsprendimaijums.lt\/index.php?rest_route=%2Fwp%2Fv2%2Fcomments&post=203"}],"version-history":[{"count":38,"href":"https:\/\/itsprendimaijums.lt\/index.php?rest_route=\/wp\/v2\/pages\/203\/revisions"}],"predecessor-version":[{"id":515,"href":"https:\/\/itsprendimaijums.lt\/index.php?rest_route=\/wp\/v2\/pages\/203\/revisions\/515"}],"wp:featuredmedia":[{"embeddable":true,"href":"https:\/\/itsprendimaijums.lt\/index.php?rest_route=\/wp\/v2\/media\/451"}],"wp:attachment":[{"href":"https:\/\/itsprendimaijums.lt\/index.php?rest_route=%2Fwp%2Fv2%2Fmedia&parent=203"}],"curies":[{"name":"wp","href":"https:\/\/api.w.org\/{rel}","templated":true}]}}