{"id":121,"date":"2015-02-08T12:52:21","date_gmt":"2015-02-08T12:52:21","guid":{"rendered":"http:\/\/itsprendimaijums.lt\/?page_id=121"},"modified":"2025-02-13T12:01:00","modified_gmt":"2025-02-13T12:01:00","slug":"kitos-paslaugos","status":"publish","type":"page","link":"https:\/\/itsprendimaijums.lt\/?page_id=121","title":{"rendered":"\u012emon\u0117ms"},"content":{"rendered":"<div class=\" kl-iconbox__el-wrapper kl-iconbox__desc-wrapper\">\n<p class=\"kl-iconbox__desc\" style=\"text-align: justify;\">Profesional\u016bs ir ilgamet\u0119 patirt\u012f turintys m\u016bs\u0173 darbuotojai pad\u0117s Jums i\u0161spr\u0119sti kilusias IT srities problemas. Galime Jums pad\u0117ti nuo konsultacijos telefonu iki sud\u0117ting\u0173 ir kompleksini\u0173 IT infrastrukt\u016bros problem\u0173 sprendimo. Papasakokite mums apie savo r\u016bpes\u010dius ir mes pasistengsime Jums pad\u0117ti.<\/p>\n<p>Laikom\u0117s auk\u0161\u010diausios kokyb\u0117s standart\u0173 ir vadovaujam\u0117s tarptautiniais IT valdymo bei saugumo standartais, tokiais kaip ITIL ir ISO 27001. Tai u\u017etikrina, kad m\u016bs\u0173 teikiamos paslaugos yra ne tik efektyvios, bet ir saugios. M\u016bs\u0173 \u012fsipareigojimas kokybei ir saugumui leid\u017eia mums teikti paslaugas, atitinkan\u010dias j\u016bs\u0173 l\u016bkes\u010dius ir poreikius.<\/p>\n<p class=\"kl-iconbox__desc\" style=\"text-align: justify;\"><span style=\"font-size: 0.9rem;\"><div id=\"accordions-283\" class=\"accordions-283 accordions\" data-accordions={&quot;lazyLoad&quot;:false,&quot;id&quot;:&quot;283&quot;,&quot;event&quot;:&quot;click&quot;,&quot;collapsible&quot;:&quot;true&quot;,&quot;heightStyle&quot;:&quot;content&quot;,&quot;animateStyle&quot;:&quot;swing&quot;,&quot;animateDelay&quot;:1000,&quot;navigation&quot;:true,&quot;active&quot;:999,&quot;expandedOther&quot;:&quot;no&quot;}>\r\n                <div class=\"items\" >\r\n    \r\n            <div post_id=\"283\" itemcount=\"0\"  header_id=\"header-1739375916161\" id=\"header-1739375916161\" style=\"\" class=\"accordions-head head1739375916161 border-none\" toggle-text=\"\" main-text=\"IT infrastrukt\u016bros administravimas\">\r\n                                    <span id=\"accordion-icons-1739375916161\" class=\"accordion-icons\">\r\n                        <span class=\"accordion-icon-active accordion-plus\"><i class=\"fa fa-chevron-up\"><\/i><\/span>\r\n                        <span class=\"accordion-icon-inactive accordion-minus\"><i class=\"fa fa-chevron-down\"><\/i><\/span>\r\n                    <\/span>\r\n                    <span id=\"header-text-1739375916161\" class=\"accordions-head-title\">IT infrastrukt\u016bros administravimas<\/span>\r\n                            <\/div>\r\n            <div class=\"accordion-content content1739375916161 \">\r\n                <div class=\"units-row\">\n<h4>Serveri\u0173 prie\u017ei\u016bra \u012fmon\u0117ms:<\/h4>\n<ul>\n<li>Serveri\u0173 diegimas ir paruo\u0161imas naudojimui.<\/li>\n<li>Reguliarus serveri\u0173 atnaujinimas ir optimizavimas.<\/li>\n<li>Duomen\u0173 apsaugos sprendim\u0173 diegimas ir prie\u017ei\u016bra.<\/li>\n<li>Serveri\u0173 veikimo steb\u0117sena ir problem\u0173 identifikavimas.<\/li>\n<li>Atsargini\u0173 kopij\u0173 darymas ir atk\u016brimo plan\u0173 paruo\u0161imas.<\/li>\n<li>Tinklo saugumo ir ugniasieni\u0173 konfig\u016bravimas.<\/li>\n<li>Skubus techninis palaikymas ir avarini\u0173 situacij\u0173 valdymas.<\/li>\n<li>Nestandartini\u0173 serveri\u0173 ir programin\u0117s \u012frangos \u012fdiegimas pagal specifinius \u012fmon\u0117s poreikius.<\/li>\n<\/ul>\n<h4><img loading=\"lazy\" decoding=\"async\" class=\"aligncenter wp-image-232 size-full\" src=\"http:\/\/itsprendimaijums.lt\/wp-content\/uploads\/2016\/12\/programine_iranga.png\" alt=\"\" width=\"536\" height=\"42\" srcset=\"https:\/\/itsprendimaijums.lt\/wp-content\/uploads\/2016\/12\/programine_iranga.png 536w, https:\/\/itsprendimaijums.lt\/wp-content\/uploads\/2016\/12\/programine_iranga-300x24.png 300w\" sizes=\"auto, (max-width: 536px) 100vw, 536px\" \/><\/h4>\n<h4>Interneto projektams:<\/h4>\n<ul>\n<li>Web serverio \u012fdiegimas ir optimizavimas<\/li>\n<li>MySQL serverio \u012fdiegimas ir optimizavimas<\/li>\n<li>PHP \u012fdiegimas ir atnaujinimas<\/li>\n<li>El. pa\u0161to serverio \u012fdiegimas ir konfig\u016bravimas<\/li>\n<li>Anti-SPAM sprendim\u0173 \u012fdiegimas<\/li>\n<li>FTP tarnyb\u0173 \u012fdiegimas<\/li>\n<li>Antivirusin\u0117s ir ugniasien\u0117s \u012fdiegimas<\/li>\n<li>Specializuoti serveriai<\/li>\n<li>Duomen\u0173 saugyklos serverio \u012frengimas<\/li>\n<li>Atsargini\u0173 duomen\u0173 kopij\u0173 saugyklos \u012frengimas<\/li>\n<li>\u012erangos steb\u0117jimo sprendimai (Zabbix)<\/li>\n<li>\u012evairios nestandartin\u0117s programin\u0117s \u012frangos \u012fdiegimas<\/li>\n<\/ul>\n<h4>\u012emoni\u0173 kompiuterizuot\u0173 darbo viet\u0173 prie\u017ei\u016bra:<\/h4>\n<ul>\n<li>Darbo viet\u0173 diegimas ir paruo\u0161imas naudojimui<\/li>\n<li>Kompiuteri\u0173 ir programin\u0117s \u012frangos atnaujinimai<\/li>\n<li>Apsaugos sprendim\u0173 diegimas ir prie\u017ei\u016bra (antivirusai, ugniasien\u0117s)<\/li>\n<li>Tinklo nustatym\u0173 konfig\u016bravimas ir optimizavimas<\/li>\n<li>Vartotoj\u0173 prieigos valdymas ir saugumo politika<\/li>\n<li>Techninis palaikymas ir problem\u0173 sprendimas vietoje ar nuotoliniu b\u016bdu<\/li>\n<li>Reguliari sistem\u0173 ir duomen\u0173 atsargini\u0173 kopij\u0173 darymas<\/li>\n<li>Darbo viet\u0173 steb\u0117sena ir na\u0161umo optimizavimas<\/li>\n<\/ul>\n<\/div>\n<div class=\"units-row units-split\">\n<div class=\"unit-50\">\n<div id=\"frmFormMailContainer\">\n<form id=\"contact\" class=\"forms\" action=\".\/forma\/admin.php\" enctype=\"multipart\/form-data\" method=\"post\" name=\"frmFormMail\" target=\"submitToFrame\"><\/form>\n<\/div>\n<\/div>\n<\/div>\n            <\/div>\r\n    \r\n            <div post_id=\"283\" itemcount=\"1\"  header_id=\"header-1484817363520\" id=\"header-1484817363520\" style=\"\" class=\"accordions-head head1484817363520 border-none\" toggle-text=\"\" main-text=\"Kompiuteriniai tinklai\">\r\n                                    <span id=\"accordion-icons-1484817363520\" class=\"accordion-icons\">\r\n                        <span class=\"accordion-icon-active accordion-plus\"><i class=\"fa fa-chevron-up\"><\/i><\/span>\r\n                        <span class=\"accordion-icon-inactive accordion-minus\"><i class=\"fa fa-chevron-down\"><\/i><\/span>\r\n                    <\/span>\r\n                    <span id=\"header-text-1484817363520\" class=\"accordions-head-title\">Kompiuteriniai tinklai<\/span>\r\n                            <\/div>\r\n            <div class=\"accordion-content content1484817363520 \">\r\n                <p style=\"text-align: center;\"><strong><a href=\"http:\/\/itsprendimaijums.lt\/wp-content\/uploads\/2025\/02\/pngegg.png\"><img loading=\"lazy\" decoding=\"async\" class=\"alignnone  wp-image-520\" src=\"http:\/\/itsprendimaijums.lt\/wp-content\/uploads\/2025\/02\/pngegg-1024x577.png\" alt=\"\" width=\"96\" height=\"54\" srcset=\"https:\/\/itsprendimaijums.lt\/wp-content\/uploads\/2025\/02\/pngegg-1024x577.png 1024w, https:\/\/itsprendimaijums.lt\/wp-content\/uploads\/2025\/02\/pngegg-300x169.png 300w, https:\/\/itsprendimaijums.lt\/wp-content\/uploads\/2025\/02\/pngegg-768x433.png 768w, https:\/\/itsprendimaijums.lt\/wp-content\/uploads\/2025\/02\/pngegg.png 1065w\" sizes=\"auto, (max-width: 96px) 100vw, 96px\" \/><\/a><img loading=\"lazy\" decoding=\"async\" class=\" wp-image-368 alignleft\" src=\"http:\/\/itsprendimaijums.lt\/wp-content\/uploads\/2018\/05\/mikrotik.png\" alt=\"\" width=\"179\" height=\"29\" \/><img loading=\"lazy\" decoding=\"async\" class=\"wp-image-379 alignleft\" src=\"http:\/\/itsprendimaijums.lt\/wp-content\/uploads\/2018\/06\/index.png\" alt=\"\" width=\"103\" height=\"74\" \/><\/strong><\/p>\n<p style=\"text-align: center;\"><strong><span style=\"color: #000000;\"><img loading=\"lazy\" decoding=\"async\" class=\"alignnone wp-image-378\" src=\"http:\/\/itsprendimaijums.lt\/wp-content\/uploads\/2018\/06\/hp-procurve-bn-e1739555095185.jpg\" alt=\"\" width=\"158\" height=\"47\" srcset=\"https:\/\/itsprendimaijums.lt\/wp-content\/uploads\/2018\/06\/hp-procurve-bn-e1739555095185.jpg 500w, https:\/\/itsprendimaijums.lt\/wp-content\/uploads\/2018\/06\/hp-procurve-bn-e1739555095185-300x89.jpg 300w\" sizes=\"auto, (max-width: 158px) 100vw, 158px\" \/><\/span><\/strong><\/p>\n<p style=\"text-align: center;\"><strong><span style=\"color: #000000;\">\u012egyvendinto kompiuterinio tinklo projekto pavyzdys.<\/span><\/strong><\/p>\n<p><img loading=\"lazy\" decoding=\"async\" width=\"1024\" height=\"660\" class=\"size-large wp-image-377 aligncenter\" src=\"http:\/\/itsprendimaijums.lt\/wp-content\/uploads\/2018\/06\/tinklo_planas-1024x660.png\" alt=\"\" srcset=\"https:\/\/itsprendimaijums.lt\/wp-content\/uploads\/2018\/06\/tinklo_planas-1024x660.png 1024w, https:\/\/itsprendimaijums.lt\/wp-content\/uploads\/2018\/06\/tinklo_planas-300x193.png 300w, https:\/\/itsprendimaijums.lt\/wp-content\/uploads\/2018\/06\/tinklo_planas-768x495.png 768w, https:\/\/itsprendimaijums.lt\/wp-content\/uploads\/2018\/06\/tinklo_planas.png 1037w\" sizes=\"auto, (max-width: 1024px) 100vw, 1024px\" \/><\/p>\n<h4>M\u016bs\u0173 si\u016blomos paslaugos J\u016bs\u0173 verslo sprendimams:<\/h4>\n<ol start=\"1\">\n<li><strong>Laidini\u0173 tinkl\u0173 projektavimas, diegimas ir konfig\u016bravimas.<\/strong><\/li>\n<li><strong>Bevieli\u0173 tinkl\u0173 projektavimas, diegimas ir konfig\u016bravimas (j\u0173 centralizuotas valdymas).<\/strong><\/li>\n<li><strong>Tinkl\u0173 modernizavimo darbai.<\/strong><\/li>\n<li><strong>Nuolatin\u0117 tinkl\u0173 prie\u017ei\u016bra.<\/strong><\/li>\n<li><strong>Ugniasien\u0117s konfig\u016bravimo darbai.<\/strong><\/li>\n<li><strong>Aparat\u016brin\u0117s ir programin\u0117s \u012frangos diegimas ir konfig\u016bravimas.<\/strong><\/li>\n<li><strong>Interneto greitaveikos apribojimas pagal IP adres\u0105.<\/strong><\/li>\n<li><strong>VPN tinklai: palaikomi VPN protokolai \u2013 IPsec, SSL, L2TP, PPTP.<\/strong><\/li>\n<\/ol>\n            <\/div>\r\n    \r\n            <div post_id=\"283\" itemcount=\"2\"  header_id=\"header-1484817286299\" id=\"header-1484817286299\" style=\"\" class=\"accordions-head head1484817286299 border-none\" toggle-text=\"\" main-text=\"Vaizdo steb\u0117jimo sistemos\">\r\n                                    <span id=\"accordion-icons-1484817286299\" class=\"accordion-icons\">\r\n                        <span class=\"accordion-icon-active accordion-plus\"><i class=\"fa fa-chevron-up\"><\/i><\/span>\r\n                        <span class=\"accordion-icon-inactive accordion-minus\"><i class=\"fa fa-chevron-down\"><\/i><\/span>\r\n                    <\/span>\r\n                    <span id=\"header-text-1484817286299\" class=\"accordions-head-title\">Vaizdo steb\u0117jimo sistemos<\/span>\r\n                            <\/div>\r\n            <div class=\"accordion-content content1484817286299 \">\r\n                <p style=\"padding-left: 25px;\"><img loading=\"lazy\" decoding=\"async\" class=\"alignleft wp-image-270\" src=\"http:\/\/itsprendimaijums.lt\/wp-content\/uploads\/2015\/02\/maxresdefault-1024x576.jpg\" alt=\"\" width=\"1024\" height=\"576\" srcset=\"https:\/\/itsprendimaijums.lt\/wp-content\/uploads\/2015\/02\/maxresdefault-1024x576.jpg 1024w, https:\/\/itsprendimaijums.lt\/wp-content\/uploads\/2015\/02\/maxresdefault-300x169.jpg 300w, https:\/\/itsprendimaijums.lt\/wp-content\/uploads\/2015\/02\/maxresdefault-768x432.jpg 768w, https:\/\/itsprendimaijums.lt\/wp-content\/uploads\/2015\/02\/maxresdefault.jpg 1280w\" sizes=\"auto, (max-width: 1024px) 100vw, 1024px\" \/><img loading=\"lazy\" decoding=\"async\" class=\"alignleft wp-image-177\" src=\"http:\/\/itsprendimaijums.lt\/wp-content\/uploads\/2015\/02\/hikvision-ivms-e1428162121749.jpg\" alt=\"\" width=\"640\" height=\"354\" srcset=\"https:\/\/itsprendimaijums.lt\/wp-content\/uploads\/2015\/02\/hikvision-ivms-e1428162121749.jpg 640w, https:\/\/itsprendimaijums.lt\/wp-content\/uploads\/2015\/02\/hikvision-ivms-e1428162121749-300x166.jpg 300w\" sizes=\"auto, (max-width: 640px) 100vw, 640px\" \/><img loading=\"lazy\" decoding=\"async\" class=\"alignnone wp-image-171\" src=\"http:\/\/itsprendimaijums.lt\/wp-content\/uploads\/2015\/02\/CANON-VB-M600VE-IP-C3910B6-1024x683.jpg\" alt=\"\" width=\"1024\" height=\"683\" srcset=\"https:\/\/itsprendimaijums.lt\/wp-content\/uploads\/2015\/02\/CANON-VB-M600VE-IP-C3910B6-1024x683.jpg 1024w, https:\/\/itsprendimaijums.lt\/wp-content\/uploads\/2015\/02\/CANON-VB-M600VE-IP-C3910B6-300x200.jpg 300w\" sizes=\"auto, (max-width: 1024px) 100vw, 1024px\" \/><\/p>\n<h4>Vaizdo steb\u0117jimo sistemos:<\/h4>\n<ol start=\"1\">\n<li>Galime pasi\u016blyti J\u016bs\u0173 konkre\u010dius poreikius atitinkan\u010di\u0105 vaizdo steb\u0117jimo sistem\u0105.<\/li>\n<li>J\u016bs\u0173 pageidaujamame steb\u0117ti objekte ar teritorijoje sumontuosime tai, k\u0105 pasirinksite:\n<ul>\n<li>Papras\u010diausi\u0105 analogin\u0119 vaizdo steb\u0117jimo kamer\u0173 sistem\u0105.<\/li>\n<li>Pa\u017eangiausi\u0105 ir patikim\u0105 skaitmenin\u0119 vaizdo steb\u0117jimo sistem\u0105 (IP kameros) su didele rai\u0161ka ir panoraminiu vaizdu, reikalaujan\u010di\u0105 ma\u017eai prie\u017ei\u016bros.<\/li>\n<\/ul>\n<\/li>\n<li>\u0160iuolaikin\u0117s vaizdo steb\u0117jimo sistemos suteikia galimyb\u0119 stebim\u0105 vaizd\u0105 bei jo \u012fra\u0161\u0105 steb\u0117ti internetu, taip pat steb\u0117ti \u012fvykius nakt\u012f. Tai sistemos, kuri\u0173 naudojimas yra pakankamai paprastas, su didele \u012fra\u0161o istorija ir patrauklia kaina.<\/li>\n<li>Kamer\u0173 diegimas ir konfig\u016bravimas:\n<ul>\n<li>Galime \u012fdiegti tiek vidines, tiek i\u0161orines kameras, pritaikytas bet kokiems j\u016bs\u0173 poreikiams.<\/li>\n<\/ul>\n<\/li>\n<li>Automatizuot\u0173 prane\u0161im\u0173 siuntimas:\n<ul>\n<li>M\u016bs\u0173 sistemos gali b\u016bti sukonfig\u016bruotos taip, kad aptikus judes\u012f ar kitus nustatytus kriterijus, b\u016bt\u0173 siun\u010diami automatizuoti prane\u0161imai \u012f j\u016bs\u0173 el. pa\u0161t\u0105 ar mobil\u0173j\u012f \u012frengin\u012f.<\/li>\n<\/ul>\n<\/li>\n<\/ol>\n            <\/div>\r\n    <\/div>\r\n\r\n\r\n\r\n            <\/div><\/span><\/p>\n<\/div>\n","protected":false},"excerpt":{"rendered":"<p>Profesional\u016bs ir ilgamet\u0119 patirt\u012f turintys m\u016bs\u0173 darbuotojai pad\u0117s Jums i\u0161spr\u0119sti kilusias IT srities problemas. Galime Jums pad\u0117ti nuo konsultacijos telefonu iki sud\u0117ting\u0173 ir kompleksini\u0173 IT infrastrukt\u016bros problem\u0173 sprendimo. Papasakokite mums apie savo r\u016bpes\u010dius ir mes pasistengsime Jums pad\u0117ti. Laikom\u0117s auk\u0161\u010diausios kokyb\u0117s standart\u0173 ir vadovaujam\u0117s tarptautiniais IT valdymo bei saugumo standartais, tokiais kaip ITIL ir ISO [&hellip;]<\/p>\n","protected":false},"author":1,"featured_media":0,"parent":0,"menu_order":0,"comment_status":"closed","ping_status":"closed","template":"","meta":{"footnotes":""},"class_list":["post-121","page","type-page","status-publish","hentry"],"_links":{"self":[{"href":"https:\/\/itsprendimaijums.lt\/index.php?rest_route=\/wp\/v2\/pages\/121","targetHints":{"allow":["GET"]}}],"collection":[{"href":"https:\/\/itsprendimaijums.lt\/index.php?rest_route=\/wp\/v2\/pages"}],"about":[{"href":"https:\/\/itsprendimaijums.lt\/index.php?rest_route=\/wp\/v2\/types\/page"}],"author":[{"embeddable":true,"href":"https:\/\/itsprendimaijums.lt\/index.php?rest_route=\/wp\/v2\/users\/1"}],"replies":[{"embeddable":true,"href":"https:\/\/itsprendimaijums.lt\/index.php?rest_route=%2Fwp%2Fv2%2Fcomments&post=121"}],"version-history":[{"count":46,"href":"https:\/\/itsprendimaijums.lt\/index.php?rest_route=\/wp\/v2\/pages\/121\/revisions"}],"predecessor-version":[{"id":538,"href":"https:\/\/itsprendimaijums.lt\/index.php?rest_route=\/wp\/v2\/pages\/121\/revisions\/538"}],"wp:attachment":[{"href":"https:\/\/itsprendimaijums.lt\/index.php?rest_route=%2Fwp%2Fv2%2Fmedia&parent=121"}],"curies":[{"name":"wp","href":"https:\/\/api.w.org\/{rel}","templated":true}]}}